{"id":1170,"date":"2023-08-30T10:24:14","date_gmt":"2023-08-30T10:24:14","guid":{"rendered":"https:\/\/www.hsdgyl.com\/?page_id=1170"},"modified":"2023-08-30T10:24:14","modified_gmt":"2023-08-30T10:24:14","slug":"conditions-dutilisation","status":"publish","type":"page","link":"https:\/\/lsdgyl.com\/fr\/conditions-dutilisation","title":{"rendered":"conditions d&#039;utilisation"},"content":{"rendered":"<div data-elementor-type=\"wp-page\" data-elementor-id=\"1170\" class=\"elementor elementor-1170\" data-elementor-post-type=\"page\">\n\t\t\t\t\t\t<section class=\"elementor-section elementor-top-section elementor-element elementor-element-39875ce elementor-section-boxed elementor-section-height-default elementor-section-height-default\" data-id=\"39875ce\" data-element_type=\"section\">\n\t\t\t\t\t\t<div class=\"elementor-container elementor-column-gap-default\">\n\t\t\t\t\t<div class=\"elementor-column elementor-col-100 elementor-top-column elementor-element elementor-element-33059e6\" data-id=\"33059e6\" data-element_type=\"column\">\n\t\t\t<div class=\"elementor-widget-wrap elementor-element-populated\">\n\t\t\t\t\t\t<div class=\"elementor-element elementor-element-56b66c1 elementor-widget elementor-widget-heading\" data-id=\"56b66c1\" data-element_type=\"widget\" data-widget_type=\"heading.default\">\n\t\t\t\t<div class=\"elementor-widget-container\">\n\t\t\t\t\t<h2 class=\"elementor-heading-title elementor-size-default\">conditions d&#039;utilisation<\/h2>\t\t\t\t<\/div>\n\t\t\t\t<\/div>\n\t\t\t\t\t<\/div>\n\t\t<\/div>\n\t\t\t\t\t<\/div>\n\t\t<\/section>\n\t\t\t\t<section class=\"elementor-section elementor-top-section elementor-element elementor-element-01843fc elementor-section-boxed elementor-section-height-default elementor-section-height-default\" data-id=\"01843fc\" data-element_type=\"section\">\n\t\t\t\t\t\t<div class=\"elementor-container elementor-column-gap-default\">\n\t\t\t\t\t<div class=\"elementor-column elementor-col-100 elementor-top-column elementor-element elementor-element-d5a3520\" data-id=\"d5a3520\" data-element_type=\"column\">\n\t\t\t<div class=\"elementor-widget-wrap elementor-element-populated\">\n\t\t\t\t\t\t<div class=\"elementor-element elementor-element-9f9c351 elementor-widget elementor-widget-text-editor\" data-id=\"9f9c351\" data-element_type=\"widget\" data-widget_type=\"text-editor.default\">\n\t\t\t\t<div class=\"elementor-widget-container\">\n\t\t\t\t\t\t\t\t\t<p><span>Les pr\u00e9sentes conditions g\u00e9n\u00e9rales de service font r\u00e9f\u00e9rence aux droits et obligations des deux parties d\u00e9clar\u00e9s par l&#039;exp\u00e9diteur confiant \u00e0 notre soci\u00e9t\u00e9 la livraison des marchandises. Le contrat est conclu \u00e0 la date de signature par l&#039;exp\u00e9diteur, les parties au contrat sont notre soci\u00e9t\u00e9 et l&#039;exp\u00e9diteur, et les deux parties doivent respecter les conditions de service. L&#039;\u00ab exp\u00e9dition \u00bb mentionn\u00e9e dans cet article fait r\u00e9f\u00e9rence aux marchandises qui sont arriv\u00e9es dans notre soci\u00e9t\u00e9 ou qui ont \u00e9t\u00e9 sign\u00e9es par le personnel de notre soci\u00e9t\u00e9. Chaque exp\u00e9dition sera soumise aux dispositions relatives \u00e0 la limitation de responsabilit\u00e9 du pr\u00e9sent article.<\/span><br \/><span>Si l\u2019exp\u00e9diteur exige un degr\u00e9 de protection plus \u00e9lev\u00e9, une assurance suppl\u00e9mentaire peut \u00eatre souscrite.<\/span><br \/>\u00a0\u00a0<br \/><b><span>1. Exp\u00e9ditions restreintes et interdites<\/span><\/b><br \/><span>L&#039;exp\u00e9diteur s&#039;engage \u00e0 ce que tous les envois livr\u00e9s par lui soient transportables. Les articles suivants ne seront pas accept\u00e9s :\u00a0<\/span><br \/><span>1) Articles dangereux, articles dangereux et articles interdits ou restreints sp\u00e9cifi\u00e9s par l&#039;Association internationale du fret a\u00e9rien (IATA), l&#039;Organisation de l&#039;aviation civile internationale (OACI) et d&#039;autres minist\u00e8res ou organisations gouvernementaux concern\u00e9s Articles (articles dont l&#039;envoi est restreint : <a class=\"wpil_keyword_link\" href=\"http:\/\/lsdgyl.com\/fr\/service\/envoi-de-batteries-au-lithium-depuis-la-chine\/\"   title=\"piles\" data-wpil-keyword-link=\"linked\"  data-wpil-monitor-id=\"134\">piles<\/a>, les articles contenant des piles, les m\u00e9dicaments destin\u00e9s \u00e0 la recherche m\u00e9dicale ou scientifique d&#039;urgence, les armes de sport, les animaux vivants, les articles magn\u00e9tiques ne d\u00e9passant pas la norme, les articles p\u00e9rissables, les articles radioactifs, les vaccins, les sceaux priv\u00e9s ou officiels, etc.).<\/span><br \/><span>2) Les articles que notre soci\u00e9t\u00e9 estime ne pas pouvoir \u00eatre transport\u00e9s en toute s\u00e9curit\u00e9 et l\u00e9galement (y compris, mais sans s&#039;y limiter : les articles contrefaits et de mauvaise qualit\u00e9, les vaporisateurs, les liquides alcoolis\u00e9s, l&#039;amiante, les briquets au butane, les d\u00e9chets m\u00e9dicaux, les articles toxiques, les articles corrosifs, la nourriture, le th\u00e9, l&#039;argent liquide, les ch\u00e8ques, les faux billets, les m\u00e9dicaments, la glace s\u00e8che, les articles inflammables et explosifs, les articles obsc\u00e8nes, les articles magn\u00e9tiques d\u00e9passant les normes, les oxydes et les peroxydes organiques, les armes et les munitions, les peintures solubles, les animaux, l&#039;argent liquide, les billets n\u00e9gociables au porteur, les m\u00e9taux et minerais pr\u00e9cieux, les armes \u00e0 feu, les munitions, les corps humains, la pornographie et les stup\u00e9fiants\/drogues ill\u00e9gaux et autres articles interdits par la loi locale).<\/span><br \/>\u00a0<br \/><b><span>2. Inspection<\/span><\/b><br \/><span>Notre soci\u00e9t\u00e9 se r\u00e9serve le droit de proc\u00e9der \u00e0 un contr\u00f4le d&#039;ouverture d&#039;\u00e9chantillon sur l&#039;envoi sans pr\u00e9avis \u00e0 l&#039;exp\u00e9diteur. Si des articles interdits ou restreints sont d\u00e9couverts, notre soci\u00e9t\u00e9 retiendra tous les envois le jour m\u00eame et ne les exp\u00e9diera pas.<\/span><br \/>\u00a0<br \/><b><span>3. Livraison et impossibilit\u00e9 de livraison.<\/span><\/b><br \/><span>L&#039;exp\u00e9diteur garantit l&#039;exactitude et l&#039;exhaustivit\u00e9 des informations du destinataire. L&#039;envoi ne peut pas \u00eatre livr\u00e9 selon une certaine bo\u00eete postale (PO BOX) ou seulement selon le code postal, et sera livr\u00e9 selon le destinataire fourni par l&#039;exp\u00e9diteur. Livraison \u00e0 l&#039;adresse (dans la livraison postale, le premier destinataire du courrier doit \u00eatre consid\u00e9r\u00e9 comme le destinataire), mais pas n\u00e9cessairement directement au destinataire lui-m\u00eame. S&#039;il existe un point de r\u00e9ception centralis\u00e9 \u00e0 l&#039;adresse du destinataire, l&#039;envoi sera exp\u00e9di\u00e9 \u00e0 ce point de r\u00e9ception.<\/span><br \/><span>Dans l&#039;une des situations suivantes, notre soci\u00e9t\u00e9 traitera l&#039;envoi de mani\u00e8re raisonnable selon la demande de l&#039;exp\u00e9diteur, et les frais suppl\u00e9mentaires encourus seront \u00e0 la charge de l&#039;exp\u00e9diteur : 1) Le destinataire<\/span><br \/><span>refuse d\u2019accepter l\u2019envoi ou de payer les taxes;<\/span><br \/><span>2) L\u2019envoi est consid\u00e9r\u00e9 comme inacceptable ;<\/span><br \/><span>3) La douane estime que les informations de d\u00e9douanement de l&#039;exp\u00e9diteur ne correspondent pas aux marchandises r\u00e9elles (l&#039;exp\u00e9diteur de la facture de d\u00e9douanement \u00e9mise par les marchandises est notre soci\u00e9t\u00e9, si la douane exige les informations de d\u00e9douanement tamponn\u00e9es par l&#039;exp\u00e9diteur r\u00e9el, envoyez L&#039;exp\u00e9diteur doit coop\u00e9rer avec la douane pour le g\u00e9rer) ;<\/span><br \/><span>4) Le destinataire ne peut \u00eatre d\u00e9termin\u00e9 ou trouv\u00e9.<\/span><br \/><span>Si l&#039;exp\u00e9diteur ne fournit pas les conseils de traitement en temps opportun ou si le gouvernement du pays de destination ne peut pas accepter les conseils de traitement de l&#039;exp\u00e9diteur, notre soci\u00e9t\u00e9 a le droit d&#039;abandonner l&#039;envoi sans aucune responsabilit\u00e9 envers l&#039;exp\u00e9diteur ou envers d&#039;autres.<\/span><br \/>\u00a0<br \/><b><span>4. Fret Le<\/span><\/b><br \/><span>Les frais de transport publi\u00e9s sur notre site Web n&#039;incluent pas les frais \u00e0 distance et les frais suppl\u00e9mentaires pour les produits sp\u00e9ciaux et les emballages sp\u00e9ciaux. Certaines m\u00e9thodes de transport doivent \u00eatre calcul\u00e9es en fonction du poids ou du volume r\u00e9el des marchandises, selon le plus \u00e9lev\u00e9 des deux. Notre soci\u00e9t\u00e9 peut facturer toute marchandise \u00e0 nouveau pes\u00e9e et mesur\u00e9e pour confirmer ses donn\u00e9es calcul\u00e9es. L&#039;exp\u00e9diteur doit payer ou retourner \u00e0 notre soci\u00e9t\u00e9 tous les frais de transport, suppl\u00e9ments, frais de stockage, droits de douane et autres taxes per\u00e7us par notre soci\u00e9t\u00e9 elle-m\u00eame ou engag\u00e9s pour le compte de l&#039;exp\u00e9diteur, du destinataire et de tout tiers dans le transport <a class=\"wpil_keyword_link\" href=\"http:\/\/lsdgyl.com\/fr\/service\/\"   title=\"service\" data-wpil-keyword-link=\"linked\"  data-wpil-monitor-id=\"8\">service<\/a> (express partiel La m\u00e9thode peut ne pas \u00eatre en mesure de conna\u00eetre les frais suppl\u00e9mentaires \u00e0 l&#039;avance, et les frais finaux seront soumis \u00e0 la facture du transporteur) ; lorsque l&#039;envoi tombe dans la situation de non-livraison mentionn\u00e9e \u00e0 l&#039;article 3 du pr\u00e9sent article, il devra \u00e9galement payer \u00e0 notre soci\u00e9t\u00e9 tous les frais de retour, d&#039;importation, d&#039;indemnisation, de dommages, d&#039;amendes et autres frais connexes qui en r\u00e9sultent.<\/span><br \/>\u00a0<br \/><b><span>5. Retour des marchandises Le<\/span><\/b><br \/><span>Les marchandises seront retourn\u00e9es si l&#039;une des circonstances mentionn\u00e9es \u00e0 l&#039;article 3 du pr\u00e9sent article se produit dans le mode de transport qui fournit le service de retour. En raison des diff\u00e9rents liens fournis par les diff\u00e9rents transporteurs pour le retour des marchandises internationales, le temps requis pour le retour des marchandises varie. Notre soci\u00e9t\u00e9 fera des efforts raisonnables pour informer l&#039;exp\u00e9diteur apr\u00e8s le retour des marchandises \u00e0 l&#039;adresse de livraison et traitera les marchandises selon l&#039;avis de l&#039;exp\u00e9diteur, mais nous ne prenons aucun engagement quant au d\u00e9lai requis pour le retour des marchandises.<\/span><br \/>\u00a0<br \/><b><span>6. Responsabilit\u00e9s de notre soci\u00e9t\u00e9<\/span><\/b><br \/><span>La responsabilit\u00e9 de notre soci\u00e9t\u00e9 envers l&#039;exp\u00e9diteur sur la base de cette clause est limit\u00e9e aux pertes directes et ne d\u00e9passe pas la limite annonc\u00e9e par chaque mode de transport. \u00c9tant donn\u00e9 que l&#039;exp\u00e9diteur peut s&#039;assurer \u00e0 l&#039;avance contre les risques sp\u00e9ciaux, notre soci\u00e9t\u00e9 ne sera pas responsable de toute autre perte ou dommage (y compris, mais sans s&#039;y limiter, la perte de profit, de revenu, d&#039;int\u00e9r\u00eat et d&#039;affaires futures), que ces autres pertes ou dommages soient sp\u00e9ciaux ou indirects, que nous ayons ou non eu connaissance du risque de ces pertes ou dommages avant ou apr\u00e8s l&#039;acceptation de l&#039;envoi. Une seule r\u00e9clamation peut \u00eatre formul\u00e9e par envoi, et cette indemnit\u00e9 sera la solution unique et d\u00e9finitive pour toutes les pertes et dommages. Si l&#039;exp\u00e9diteur estime que les dispositions de cet article sur l&#039;indemnisation ne suffiront pas \u00e0 compenser ses pertes, il devra assurer lui-m\u00eame la valeur des marchandises, sinon l&#039;exp\u00e9diteur supportera le risque de toutes les pertes et dommages.<\/span><br \/>\u00a0<br \/><b><span>7. Demande de fret<\/span><\/b><br \/><span>Dans le cas de l&#039;une des situations suivantes concernant le mode d&#039;exp\u00e9dition que le transporteur peut fournir pour consultation (autre que le courrier de surface et les petits colis), l&#039;exp\u00e9diteur peut soumettre une demande de demande de renseignements \u00e0 notre soci\u00e9t\u00e9 : 1) Les marchandises ne sont pas affich\u00e9es sur Internet selon le d\u00e9lai de traitement normal<\/span><br \/><span>. Informations de suivi\u00a0;<\/span><br \/><span>2) La marchandise n\u2019a pas \u00e9t\u00e9 livr\u00e9e avec succ\u00e8s au-del\u00e0 du d\u00e9lai promis par le mode de transport choisi ;<\/span><br \/><span>3) Les marchandises ont \u00e9t\u00e9 livr\u00e9es avec succ\u00e8s sur le site Web de requ\u00eate correspondant au mode de transport s\u00e9lectionn\u00e9, et le destinataire a r\u00e9pondu que le colis n&#039;avait pas \u00e9t\u00e9 re\u00e7u (sauf pour la ligne sp\u00e9ciale Chine-Europe EUEXP) ;<\/span><br \/><span>4) Le destinataire r\u00e9pond que la marchandise est endommag\u00e9e, diminu\u00e9e et non conforme \u00e0 la marchandise livr\u00e9e ;<\/span><br \/><span>5) Des d\u00e9penses inexpliqu\u00e9es surviennent.<\/span><br \/><span>L&#039;exp\u00e9diteur doit s&#039;assurer que les informations sur les marchandises sont d\u00e9taill\u00e9es et exactes lors de la livraison des marchandises et fournir des informations pertinentes sur les marchandises \u00e0 interroger lors de la demande de renseignements. Le transporteur refuse de se renseigner en raison des conditions, et toutes les pertes et responsabilit\u00e9s seront \u00e0 la charge de l&#039;exp\u00e9diteur. En raison des limitations de temps, d&#039;espace et de liaisons de transit dans la demande de transport international, la p\u00e9riode de demande de renseignements varie selon les pays et les m\u00e9thodes de transport. Notre soci\u00e9t\u00e9 fera des efforts raisonnables pour se renseigner sur l&#039;exp\u00e9dition pour l&#039;exp\u00e9diteur, mais ne r\u00e9pondra pas au retard du transporteur. Assumez la responsabilit\u00e9.<\/span><br \/>\u00a0<br \/><b><span>8. R\u00e9clamation<\/span><\/b><br \/><span>Toute r\u00e9clamation doit \u00eatre soumise apr\u00e8s la fin de la p\u00e9riode d&#039;enqu\u00eate de chaque m\u00e9thode de transport de notre soci\u00e9t\u00e9.<\/span><br \/><span>1) Perdu au sein de notre entreprise<\/span><br \/><span>De la signature de l&#039;envoi par notre soci\u00e9t\u00e9 \u00e0 la livraison de l&#039;envoi au transporteur, en cas de perte de l&#039;envoi, notre soci\u00e9t\u00e9 sera responsable de l&#039;indemnisation. Le montant de la responsabilit\u00e9 est bas\u00e9 sur la valeur d\u00e9clar\u00e9e saisie par l&#039;exp\u00e9diteur dans notre syst\u00e8me ou sur la valeur r\u00e9elle du produit (c&#039;est-\u00e0-dire le bon d&#039;achat et la facture fournis par le client), selon la valeur la plus basse. Le montant maximum de l&#039;indemnisation pour un seul colis ne d\u00e9passera pas 100 USD.<\/span><br \/><span>2)<\/span><br \/><span>Une fois que le transporteur a exp\u00e9di\u00e9 l&#039;envoi perdu depuis notre soci\u00e9t\u00e9, il fournira les certificats de remise pertinents. En cas de perte de l&#039;envoi, la responsabilit\u00e9 incombe au transporteur. Notre soci\u00e9t\u00e9 aidera les clients \u00e0 r\u00e9clamer une indemnisation aupr\u00e8s du transporteur, et le montant de la r\u00e9clamation sera mis en \u0153uvre conform\u00e9ment aux r\u00e9glementations en mati\u00e8re d&#039;indemnisation de chaque mode d&#039;exp\u00e9dition.<\/span><br \/><span>3) L&#039;exp\u00e9dition est<\/span><br \/><span>Envoy\u00e9 \u00e0 une mauvaise adresse pour des raisons op\u00e9rationnelles. Notre soci\u00e9t\u00e9 remboursera au client les frais d&#039;envoi ou de messagerie per\u00e7us et pourra choisir de compenser la valeur de l&#039;article ou la valeur d\u00e9clar\u00e9e, selon la valeur la plus basse, prendre en charge les frais de port de surface du colis renvoy\u00e9 de l&#039;\u00e9tranger \u00e0 Shenzhen et le traiter de la mani\u00e8re la moins co\u00fbteuse des frais de port de surface pour l&#039;acheminement du colis de la mauvaise adresse \u00e0 la bonne adresse. Cependant, elle ne supporte pas les pertes \u00e9conomiques indirectes caus\u00e9es par des exp\u00e9ditions erron\u00e9es.\u00a0<\/span><br \/><span>4) Colis perdus en raison de contr\u00f4les douaniers ponctuels<\/span><br \/><span>Lors du passage du colis en douane, la douane ouvre le colis pour inspection, ce qui peut entra\u00eener la perte du colis, la perte du contenu (en tout ou en partie) du colis ou sa saisie par la douane. Notre soci\u00e9t\u00e9 d\u00e9cline toute responsabilit\u00e9 en d\u00e9coulant.<\/span><br \/>\u00a0<br \/><b><span>9. Retards dans les transports<\/span><\/b><br \/><span>Le d\u00e9lai de livraison annonc\u00e9 sur notre site Internet correspond au temps \u00e9coul\u00e9 entre l&#039;enregistrement de l&#039;op\u00e9ration sur le site de consultation correspondant et l&#039;arriv\u00e9e de la marchandise, mais n&#039;inclut pas le temps n\u00e9cessaire \u00e0 notre soci\u00e9t\u00e9 pour r\u00e9cup\u00e9rer la marchandise, le temps de tri au centre de tri et le temps de d\u00e9douanement. Ces d\u00e9lais ne constituent pas des engagements et ne font pas partie d&#039;un accord. Notre soci\u00e9t\u00e9 n&#039;est pas responsable des pertes ou dommages caus\u00e9s par des retards d&#039;exp\u00e9dition.<\/span><br \/>\u00a0<br \/><b><span>10. Facteurs irr\u00e9sistibles<\/span><\/b><br \/><span>Nous ne sommes pas responsables des pertes ou dommages caus\u00e9s par des causes ind\u00e9pendantes de la volont\u00e9 du transporteur. Ces raisons incluent, sans toutefois s&#039;y limiter : les catastrophes naturelles, telles que les tremblements de terre, les tornades, les temp\u00eates, les inondations, le brouillard, etc. ; les cas de force majeure tels que les guerres, les accidents a\u00e9riens ou les embargos ; les d\u00e9fauts ou caract\u00e9ristiques inh\u00e9rents \u00e0 l&#039;envoi (que notre soci\u00e9t\u00e9 le sache ou non) ; les \u00e9meutes ou les \u00e9meutes civiles ; les actes ou omissions de personnes qui ne sont pas des employ\u00e9s de notre soci\u00e9t\u00e9 ou qui n&#039;ont aucune relation contractuelle avec notre soci\u00e9t\u00e9, telles que les exp\u00e9diteurs, les destinataires, les tiers, les douanes ou d&#039;autres services gouvernementaux ; les incidents de travail ; la corruption \u00e9lectromagn\u00e9tique ou la suppression d&#039;enregistrements.<\/span><br \/>\u00a0<br \/><b><span>11. Garantie et responsabilit\u00e9 de l&#039;exp\u00e9diteur en mati\u00e8re d&#039;indemnisation<\/span><\/b><br \/><span>Si l&#039;exp\u00e9diteur viole les lois et r\u00e9glementations en vigueur ou viole les garanties et d\u00e9clarations suivantes, l&#039;exp\u00e9diteur devra supporter tous les frais engag\u00e9s et indemniser la perte et les dommages caus\u00e9s \u00e0 notre soci\u00e9t\u00e9 : 1\u00a0<\/span><br \/><span>) Toutes les informations fournies par l\u2019exp\u00e9diteur ou son agent sont compl\u00e8tes et exactes ;<\/span><br \/><span>2) Les marchandises sont pr\u00e9par\u00e9es par l&#039;exp\u00e9diteur ou ses employ\u00e9s sous le principe de s\u00e9curit\u00e9 ;<\/span><br \/><span>3) La personne qui pr\u00e9pare la marchandise pour l\u2019exp\u00e9diteur est suffisamment fiable ;<\/span><br \/><span>4) L&#039;exp\u00e9diteur doit s&#039;assurer que notre soci\u00e9t\u00e9 est exempte de toute interf\u00e9rence indue de tiers pendant la pr\u00e9paration, le stockage ou le transport des marchandises ;<\/span><br \/><span>5) Tous les marquages des marchandises sont complets et exacts, l&#039;adresse est claire, l&#039;emballage est appropri\u00e9 et il est adapt\u00e9 \u00e0 un transport en toute s\u00e9curit\u00e9 sous une attention g\u00e9n\u00e9rale ;<\/span><br \/><span>6) Se conformer aux r\u00e9glementations douani\u00e8res et d\u2019importation et d\u2019exportation en vigueur, ainsi qu\u2019aux autres lois et r\u00e9glementations.<\/span><br \/>\u00a0<br \/><b><span>12. Itin\u00e9raire<\/span><\/b><br \/><span>L&#039;exp\u00e9diteur accepte tous les itin\u00e9raires et d\u00e9tours organis\u00e9s par le transporteur, y compris les \u00e9ventuelles gares de transit.<\/span><br \/>\u00a0<br \/><b><span>XIII. Application de la loi et r\u00e8glement des diff\u00e9rends<\/span><\/b><br \/><span>Compte tenu des int\u00e9r\u00eats de notre soci\u00e9t\u00e9, tous les litiges li\u00e9s \u00e0 cette clause seront soumis \u00e0 la juridiction non exclusive du tribunal du pays o\u00f9 l&#039;envoi a \u00e9t\u00e9 initialement envoy\u00e9, et le lieu d&#039;exp\u00e9dition d&#039;origine s&#039;appliquera. En vertu de la loi du pays, l&#039;exp\u00e9diteur accepte irr\u00e9vocablement la juridiction.<\/span><br \/>\u00a0<br \/><b><span>14. Divisibilit\u00e9<\/span><\/b><br \/><span>L\u2019invalidit\u00e9 ou l\u2019inapplicabilit\u00e9 d\u2019une partie quelconque des pr\u00e9sentes conditions n\u2019affectera pas la validit\u00e9 et l\u2019application des autres conditions.<\/span><\/p>\t\t\t\t\t\t\t\t<\/div>\n\t\t\t\t<\/div>\n\t\t\t\t\t<\/div>\n\t\t<\/div>\n\t\t\t\t\t<\/div>\n\t\t<\/section>\n\t\t\t\t<\/div>","protected":false},"excerpt":{"rendered":"<p>terms of service These terms of service refer to the rights and obligations of both parties declared by the sender entrusting our company to deliver the goods.\u00a0It is concluded on the date of signing by the sender, the parties to the contract are our company and the sender, and both parties must abide by the [&hellip;]<\/p>","protected":false},"author":2,"featured_media":0,"parent":0,"menu_order":0,"comment_status":"closed","ping_status":"closed","template":"","meta":{"footnotes":""},"class_list":["post-1170","page","type-page","status-publish","hentry"],"blocksy_meta":[],"_hostinger_reach_plugin_has_subscription_block":false,"_hostinger_reach_plugin_is_elementor":false,"_links":{"self":[{"href":"https:\/\/lsdgyl.com\/fr\/wp-json\/wp\/v2\/pages\/1170","targetHints":{"allow":["GET"]}}],"collection":[{"href":"https:\/\/lsdgyl.com\/fr\/wp-json\/wp\/v2\/pages"}],"about":[{"href":"https:\/\/lsdgyl.com\/fr\/wp-json\/wp\/v2\/types\/page"}],"author":[{"embeddable":true,"href":"https:\/\/lsdgyl.com\/fr\/wp-json\/wp\/v2\/users\/2"}],"replies":[{"embeddable":true,"href":"https:\/\/lsdgyl.com\/fr\/wp-json\/wp\/v2\/comments?post=1170"}],"version-history":[{"count":0,"href":"https:\/\/lsdgyl.com\/fr\/wp-json\/wp\/v2\/pages\/1170\/revisions"}],"wp:attachment":[{"href":"https:\/\/lsdgyl.com\/fr\/wp-json\/wp\/v2\/media?parent=1170"}],"curies":[{"name":"wp","href":"https:\/\/api.w.org\/{rel}","templated":true}]}}